{"id":32,"date":"2020-02-24T09:27:35","date_gmt":"2020-02-24T09:27:35","guid":{"rendered":"https:\/\/a5laboratoriot.wordpress.com\/?page_id=32"},"modified":"2025-12-04T10:42:51","modified_gmt":"2025-12-04T08:42:51","slug":"yleiset-sopimusehdot","status":"publish","type":"page","link":"https:\/\/abelab.fi\/etusivu\/yleiset-sopimusehdot\/","title":{"rendered":"YHTEYSTIEDOT"},"content":{"rendered":"\n<hr class=\"wp-block-separator has-text-color has-medium-gray-color has-css-opacity has-medium-gray-background-color has-background is-style-wide\"\/>\n\n\n\n<div style=\"height:20px\" aria-hidden=\"true\" class=\"wp-block-spacer\"><\/div>\n\n\n\n<h4 class=\"has-text-align-center\">OTA YHTEYTT\u00c4<\/h4>\n\n\n\n<script>\n            hbsptReady({\n              portalId: '7972232',\n              formId: 'a7c3e708-b075-42cf-b4e3-666ac0d8bfde',\n              target: '#hbspt-form-1594720287573-8831102424',\n              \n            });\n          <\/script><div id=\"hbspt-form-1594720287573-8831102424\" class=\"hbspt-form\"><\/div><script charset=\"utf-8\" type=\"text\/javascript\" src=\"\/\/js.hsforms.net\/forms\/v2.js\" defer onload=\"window.hbsptReady()\"><\/script>\n\n\n\n<div class=\"is-layout-flow wp-block-group\"><div class=\"wp-block-group__inner-container\">\n<p class=\"has-text-align-left has-normal-font-size\">Novorbis Oy<br>www.abelab.fi<\/p>\n\n\n\n<p class=\"has-text-align-left has-normal-font-size\">0400 295 080<br>K\u00c4SKYNHALTIJANTIE 38<br>HELSINKI<\/p>\n<\/div><\/div>\n\n\n\n<div style=\"height:48px\" aria-hidden=\"true\" class=\"wp-block-spacer\"><\/div>\n\n\n\n<hr class=\"wp-block-separator has-text-color has-medium-gray-color has-css-opacity has-medium-gray-background-color has-background is-style-default\"\/>\n\n\n\n<div style=\"height:37px\" aria-hidden=\"true\" class=\"wp-block-spacer\"><\/div>\n\n\n\n<h3><strong>YLEISET SOPIMUSEHDOT<\/strong><\/h3>\n\n\n\n<p>Voimassa alkaen 22.1.2024<\/p>\n\n\n\n<p><strong>1. SOVELTAMISALA<\/strong><\/p>\n\n\n\n<p>1.1 N\u00e4it\u00e4 sopimusehtoja sovelletaan asiakassopimusta t\u00e4ydent\u00e4vin\u00e4 ehtoina Novorbis Oy:n (\u201dLaboratorio\u201d) tarjotessa palveluita asiakkailleen.<\/p>\n\n\n\n<p><strong>2. TOIMEKSIANTO<\/strong><\/p>\n\n\n\n<p>2.1\nToimeksianto on voimassa ainoastaan silloin, kun sit\u00e4 koskeva tilaus on\nl\u00e4hetetty Laboratorioon kirjallisesti tai s\u00e4hk\u00f6postilla k\u00e4ytt\u00e4en Laboratorion\nanalyysitilauslomaketta tai asiakkaan omaa, Laboratorion hyv\u00e4ksym\u00e4\u00e4\nl\u00e4hetepohjaa.<\/p>\n\n\n\n<p>2.2\nLaboratoriolla on oikeus j\u00e4tt\u00e4\u00e4 toimeksianto hyv\u00e4ksym\u00e4tt\u00e4 ja analyysitoiminta\naloittamatta, mik\u00e4li kohdan 2.1 vaatimukset eiv\u00e4t t\u00e4yty, tai jos n\u00e4ytett\u00e4 ei\npystyt\u00e4 analysoimaan n\u00e4ytteen luonteesta, puutteellisesta pakkauksesta tai\ns\u00e4ilytysolosuhteista, vaadittavista tutkimusmenetelmist\u00e4 tai k\u00e4ytetyist\u00e4\nn\u00e4ytteenottomenetelmist\u00e4 johtuen taikka toimeksiannon suorittamiselle on jokin\nmuu este.<\/p>\n\n\n\n<p><strong>3. N\u00c4YTTEIDEN VASTAANOTTO, S\u00c4ILYTT\u00c4MINEN JA\nH\u00c4VITT\u00c4MINEN<\/strong><\/p>\n\n\n\n<p>3.1 N\u00e4ytteet\non otettava Laboratorion hyv\u00e4ksym\u00e4ll\u00e4 menetelm\u00e4ll\u00e4. Sek\u00e4 n\u00e4ytteiden ett\u00e4\npakkauksen on oltava sellaisessa kunnossa, ett\u00e4 n\u00e4ytteist\u00e4 ei aiheudu vaaraa\nLaboratorion ja kuljetusliikkeen henkil\u00f6kunnalle mm. kuljetuksen, luovutuksen\ntai varastoinnin aikana.<\/p>\n\n\n\n<p>3.2 Asiakas\non vastuussa siit\u00e4, ett\u00e4 sen Laboratorioon toimittamat n\u00e4ytteet ovat\nturvallisia ja vakaassa tilassa. Mik\u00e4li n\u00e4ytteet sis\u00e4lt\u00e4v\u00e4t tai niiden\nep\u00e4ill\u00e4\u00e4n sis\u00e4lt\u00e4v\u00e4n aineita, jotka voivat olla ymp\u00e4rist\u00f6lle tai terveydelle\nhaitallisia, vaarallisia tai myrkyllisi\u00e4, tai ne tulee k\u00e4sitell\u00e4 vaarallisena\nj\u00e4tteen\u00e4, on asiakkaan informoitava t\u00e4st\u00e4 sek\u00e4 n\u00e4ytteiden k\u00e4sittelyyn\nliittyvist\u00e4 mahdollisista riskeist\u00e4 ennakolta Laboratoriota toimeksiantoa\nkoskevan tilauksen yhteydess\u00e4.<\/p>\n\n\n\n<p>3.3\nAsiakkaan tulee varmistaa, ett\u00e4 n\u00e4ytteen pakkaus est\u00e4\u00e4 n\u00e4ytteen levi\u00e4misen\nkuljetuksen aikana. Mik\u00e4li n\u00e4ytteet tulee l\u00e4hett\u00e4\u00e4 VAK\/ADR-l\u00e4hetyksen\u00e4, on\nVAK\/ADR-kuljetuksen j\u00e4rjest\u00e4minen asiakkaan vastuulla. Asiakas vastaa kaikista\nVAK\/ADR-l\u00e4hetyksest\u00e4 aiheutuneista kustannuksista.<\/p>\n\n\n\n<p>3.4 Asiakas\non vastuussa ja korvausvelvollinen vahingon laatuun n\u00e4hden kaikista\nvahingoista, kustannuksista ja vammoista, jotka ovat sen toimittamien\nn\u00e4ytteiden tai n\u00e4ytteenottopaikan olosuhteiden Laboratoriolle tai kolmannelle\naiheuttamia.<\/p>\n\n\n\n<p>3.5 Laboratorio\nei ole velvollinen vastaanottamaan sellaisia l\u00e4hetyksi\u00e4, joiden vastaanotto tai\ns\u00e4ilytys edellytt\u00e4\u00e4 Laboratoriolta kustannusten suorittamista, mik\u00e4li siit\u00e4 ei\nole erikseen sovittu.<\/p>\n\n\n\n<p>3.6\nLaboratorio ei ole vastuussa mist\u00e4\u00e4n vahingoista tai uusintan\u00e4ytteenottoon\nliittyvist\u00e4 kustannuksista, mik\u00e4li n\u00e4ytteet ovat vahingoittuneet tai h\u00e4vinneet\nennen n\u00e4ytteiden vastaanottoa taikka mik\u00e4li vahingot tai kustannukset johtuvat\nLaboratoriosta riippumattomista syist\u00e4.<\/p>\n\n\n\n<p>3.7\nLaboratoriolla on oikeus h\u00e4vitt\u00e4\u00e4 n\u00e4ytteet v\u00e4litt\u00f6m\u00e4sti analysoinnin tai\ns\u00e4ilytysajan j\u00e4lkeen ilman erillist\u00e4 ilmoitusta, ellei n\u00e4ytteen palauttamisesta\ntai muusta s\u00e4ilytt\u00e4misest\u00e4 ole erikseen kirjallisesti ennakolta sovittu. Mik\u00e4li\nn\u00e4ytteen ominaisuudet sallivat sen, s\u00e4ilytet\u00e4\u00e4n n\u00e4ytteet tai n\u00e4ytteist\u00e4\nvalmistetut preparaatit analyysin suorittamisen j\u00e4lkeen yhden kuukauden ajan.<\/p>\n\n\n\n<p>3.8\nLaboratorio vastaa n\u00e4ytteen asianmukaisesta h\u00e4vitt\u00e4misest\u00e4 ainoastaan\ntapauksissa, joissa Laboratorio on hyv\u00e4ksynyt toimeksiantoa koskevan tilauksen\nsek\u00e4 kohtien 3.2 ja 3.3 vaatimukset ovat t\u00e4ytetty. Muissa tapauksissa vastaa\nn\u00e4ytteen h\u00e4vitt\u00e4misest\u00e4 tai siit\u00e4 aiheutuneista kustannuksista asiakas. Mik\u00e4li\nasiakas ei huolehdi n\u00e4ytteen poisviennist\u00e4 tai h\u00e4vitt\u00e4misest\u00e4, on\nLaboratoriolla oikeus suorittaa h\u00e4vitt\u00e4minen asiakkaan lukuun ja veloittaa\nt\u00e4st\u00e4 aiheutuvat kustannukset asiakkaalta.<\/p>\n\n\n\n<p><strong>4. ALIHANKINTALABORATORIOT<\/strong><\/p>\n\n\n\n<p>4.1\nLaboratoriolla on vapaa oikeus k\u00e4ytt\u00e4\u00e4 asiakkaan n\u00e4ytteiden tutkimiseen\nalihankintalaboratorioita.<\/p>\n\n\n\n<p>4.2\nAsumisterveyteen liittyv\u00e4t mikrobiologiset ja VOC-analyysit tutkitaan\nFINAS-akkreditoidussa ja Evira-hyv\u00e4ksytyss\u00e4 alihankintalaboratoriossa. Mik\u00e4li\nalihankintalaboratorio sijaitsee ulkomailla, tulee alihankintalaboratorion olla\npaikallisen akkreditointielimen akkreditoima.<\/p>\n\n\n\n<p><strong>5. TUTKIMUSTULOSTEN TOIMITUSAIKA<\/strong><\/p>\n\n\n\n<p>5.1\nLaboratorion ilmoittamat toimitusajat ovat arvioita, eiv\u00e4tk\u00e4 ne sido\nLaboratoriota mill\u00e4\u00e4n tavalla. T\u00e4st\u00e4 huolimatta on Laboratorion tiedotettava\nv\u00e4litt\u00f6m\u00e4sti asiakkaalle, mik\u00e4li tutkimustuloksia ei pystyt\u00e4 esimerkiksi\ntilap\u00e4isist\u00e4 ruuhkista tai rajallisesta kapasiteetista johtuen toimittamaan\narvioitujen toimitusaikojen puitteissa.<\/p>\n\n\n\n<p>5.2\nKiireelliset n\u00e4ytteet tutkitaan kiireellisin\u00e4 Laboratorion kapasiteetin\nsalliessa.<\/p>\n\n\n\n<p><strong>6. RAPORTOINTI<\/strong><\/p>\n\n\n\n<p>6.1 Ellei\nmuusta toimitustavasta ole erikseen sovittu, tulosraportti toimitetaan\nasiakkaalle postitse analyysitilaukseen merkittyyn osoitteeseen, sek\u00e4 asiakkaan\npyynn\u00f6st\u00e4 my\u00f6s PDF-tiedostona asiakkaan ilmoittamaan s\u00e4hk\u00f6postiosoitteeseen.<\/p>\n\n\n\n<p>6.2\nTulosraportti laaditaan suomen kielell\u00e4. Asiakkaan toiveesta ja Laboratorion\nmahdollisuuksien mukaan raportti voidaan laatia my\u00f6s ruotsin tai englannin kielell\u00e4.\nLaboratoriolla on oikeus veloittaa asiakkaalta mahdollisista k\u00e4\u00e4nn\u00f6st\u00f6ist\u00e4\nlis\u00e4maksu. Raporttia koskevat huomautukset on teht\u00e4v\u00e4 kahden (2) viikon\nkuluessa raportin l\u00e4hett\u00e4misest\u00e4.<\/p>\n\n\n\n<p>6.3\nTulosraportteja ei saa k\u00e4ytt\u00e4\u00e4 oikeudessa todistusaineistona ilman Laboratorion\nkirjallista lupaa.<\/p>\n\n\n\n<p>6.4\nTulosraporttien osittainen kopiointi tai julkaisu on sallittu ainoastaan\nLaboratorion kirjallisella luvalla.<\/p>\n\n\n\n<p><strong>7. HINNAT JA MAKSUEHDOT<\/strong><\/p>\n\n\n\n<p>7.1 Kaikkiin\nhintoihin lis\u00e4t\u00e4\u00e4n kulloinkin voimassa olevan verokannan mukainen arvonlis\u00e4vero.<\/p>\n\n\n\n<p>7.2\nHinnoittelu perustuu voimassa olevaan yleiseen hinnastoon sek\u00e4\nasiakassopimuksiin.<\/p>\n\n\n\n<p>7.3\nAsiakkaan maksuehdoista sovitaan p\u00e4\u00e4s\u00e4\u00e4nt\u00f6isesti asiakassopimuksessa.\nLaboratoriolla on oikeus poiketa t\u00e4st\u00e4 perustuen asiakkaan tilaus- ja\nmaksuhistoriaan, sek\u00e4 muun muassa vaatia tilaushinnan maksua kokonaisuudessaan\netuk\u00e4teen ehtona toimeksiannon hyv\u00e4ksymiselle.<\/p>\n\n\n\n<p>7.4 Laskuja\nkoskevat huomautukset on teht\u00e4v\u00e4 kahdeksan (8) p\u00e4iv\u00e4n kuluessa laskun\np\u00e4iv\u00e4m\u00e4\u00e4r\u00e4st\u00e4.<\/p>\n\n\n\n<p>7.5\nMaksumuistutuksista ja -kehotuksista veloitetaan hinnaston mukainen, voimassa\noleva maksu. Er\u00e4\u00e4ntyneisiin laskuihin lis\u00e4t\u00e4\u00e4n korkolain mukainen\nviiv\u00e4styskorko.<\/p>\n\n\n\n<p><strong>8. VIRANOMAISILLE TARKOITETUT TUTKIMUKSET<\/strong><\/p>\n\n\n\n<p>8.1\nLaboratorio ei suorita Terveydensuojelulain (19.8.1994\/763) 49 a \u00a7:n mukaisia\nviranomaisille tarkoitettuja tutkimuksia.<\/p>\n\n\n\n<p><strong>9. AINEETTOMAT OIKEUDET<\/strong><\/p>\n\n\n\n<p>9.1\nToimeksiannon suorittamisen seurauksena luotujen tutkimustulosten, raporttien,\nmikroskooppikuvien sek\u00e4 muun vastaavan aineiston tekij\u00e4noikeudet kuuluvat\nLaboratoriolle, ellei asiakkaan kanssa ole kirjallisesti muuta sovittu.<\/p>\n\n\n\n<p><strong>10. TUTKIMUSTULOKSIA KOSKEVAT RAJOITUKSET<\/strong><\/p>\n\n\n\n<p>10.1\nLaboratorion tutkimustulokset koskevat ainoastaan tutkittua n\u00e4ytett\u00e4.<\/p>\n\n\n\n<p>10.2\nLaboratorio ei ole vastuussa tulosten luotettavuudesta, jos<\/p>\n\n\n\n<p>(a)\nn\u00e4ytteit\u00e4 ei ole otettu Laboratorion hyv\u00e4ksym\u00e4ll\u00e4 tavalla tai<\/p>\n\n\n\n<p>(b) asiakas\nei ole n\u00e4ytteenotossa, n\u00e4ytteiden toimittamisessa Laboratorioon,\nn\u00e4ytteenottosuunnitelmassa tai otannassa noudattanut Laboratorion ohjeita.<\/p>\n\n\n\n<p>10.3\nLaboratorio ei ole vastuussa odotettujen tulosten saavuttamatta j\u00e4\u00e4misest\u00e4.<\/p>\n\n\n\n<p><strong>11. YLIVOIMAINEN ESTE<\/strong><\/p>\n\n\n\n<p>11.1\nLaboratorio ei ole vastuussa ennalta arvaamattomien tai Laboratorion\nkohtuullisen hallinnan ulkopuolella olevien olosuhteiden tai tapahtumien\naiheuttamista viiv\u00e4styksist\u00e4, vahingoista, menetyksist\u00e4 tai muista ongelmista.<\/p>\n\n\n\n<p><strong>12. VASTUUNRAJOITUKSET<\/strong><\/p>\n\n\n\n<p>12.1\nLaboratorio on vastuussa asiakkaalle aiheutuneista v\u00e4litt\u00f6mist\u00e4 ja suorista\nvahingoista, jotka johtuvat Laboratorion omalla huolimattomuudella\naiheutetuista virheist\u00e4 tai laiminly\u00f6nneist\u00e4, kuitenkin kohtien 12.2 \u2013 12.8 mukaisin\nrajoituksin.<\/p>\n\n\n\n<p>12.2 Vastuu\nkoskee ainoastaan asiakkaalle aiheutuneita suoria vahinkoja. Laboratorio ei ole\nvastuussa ep\u00e4suorista tai v\u00e4lillisist\u00e4 vahingoista tai menetyksist\u00e4 mukaan\nlukien liikearvon tai odotettujen liiketoimintatilaisuuksien, tulojen,\ns\u00e4\u00e4st\u00f6jen tai voittojen menetyst\u00e4. Laboratorio ei vastaa lainkaan sopimuksen\nosapuoliin n\u00e4hden kolmansille tahoille aiheutuneista vahingoista.<\/p>\n\n\n\n<p>12.3\nLaboratorio ei ole vastuussa lis\u00e4kustannuksista tai muista vahingoista, jotka\novat aiheutuneet tutkimustulosten toimittamisen viiv\u00e4stymisest\u00e4 asiakkaalle.<\/p>\n\n\n\n<p>12.3\nLaboratorio ei ole vastuussa lis\u00e4kustannuksista kolmansille osapuolille tai\nmuista vahingoista, jotka ovat aiheutuneet tutkimustulosten toimittamisen\nviiv\u00e4stymisest\u00e4 asiakkaalle.<\/p>\n\n\n\n<p>12.4 Laboratorio\nei ole vastuussa tutkimustulosten soveltamisesta johtuneista mahdollisista\nvahingoista tai menetyksist\u00e4, mik\u00e4li tulokset perustuvat arvioon ja t\u00e4m\u00e4 on\nmainittu tulosraportissa.<\/p>\n\n\n\n<p>12.5\nLaboratorio ei ole vastuussa vahingoista, joita toimeksiannon suorittamisen\naikaan k\u00e4ytett\u00e4viss\u00e4 olleilla preparointi-, analyysi- tai tutkimusmenetelmill\u00e4,\ntiet\u00e4myksell\u00e4 tai laitteistolla ei voitu ennakoida.<\/p>\n\n\n\n<p>12.6\nAsiakkaan tulee l\u00e4hett\u00e4\u00e4 Laboratoriolle kirjallinen vahingonkorvausvaatimus\nviipym\u00e4tt\u00e4, kuitenkin viimeist\u00e4\u00e4n yhden (1) kuukauden kuluttua siit\u00e4, kun\ntutkimustulokset ovat saapuneet asiakkaalle. Mik\u00e4li asiakas laiminly\u00f6 t\u00e4m\u00e4n\nilmoittamisvelvollisuutensa, Laboratorio ei ole vastuussa aiheutuneista\nvahingoista ja asiakas menett\u00e4\u00e4 oikeuden vaatia vahingonkorvausta.<\/p>\n\n\n\n<p>12.7\nLaboratorion vahingonkorvausvastuun enimm\u00e4ism\u00e4\u00e4r\u00e4 rajoittuu yhteen\nperussummaan, joka on seuraavista v\u00e4h\u00e4isempi:<\/p>\n\n\n\n<p>(a)\ntoimeksiannon t\u00e4ytt\u00e4misen seurauksena asiakkaalle aiheutuneet suorat vahingot\ntai<\/p>\n\n\n\n<p>(b)\ntoimeksiannon hinta.<\/p>\n\n\n\n<p>12.8\nLaboratorion vastuun ja korvausvelvollisuuden yl\u00e4rajana on kaikissa tapauksissa\n1 000 \u20ac.<\/p>\n\n\n\n<p><strong>13. MUUTA<\/strong><\/p>\n\n\n\n<p>13.1\nLaboratorion ja asiakkaan v\u00e4lisiss\u00e4 sopimuksissa sovelletaan Suomen lakia.\nMahdolliset erimielisyydet ratkaistaan ensisijaisesti osapuolten v\u00e4lisiss\u00e4\nneuvotteluissa ja viime k\u00e4dess\u00e4 Laboratorion sijaintipaikkakunnan\nk\u00e4r\u00e4j\u00e4oikeudessa.<\/p>\n\n\n\n<p>13.2 N\u00e4m\u00e4\nsopimusehdot liittyv\u00e4t olennaisina sopimusehtoina erilliseen\nasiakassopimukseen. Laboratoriolla on oikeus tehd\u00e4 n\u00e4ihin yleisiin ehtoihin\nyksipuolisesti muutoksia. P\u00e4ivitetty versio yleisist\u00e4 sopimusehdoista\njulkaistaan Laboratorion verkkosivuilla eik\u00e4 tehdyist\u00e4 muutoksista ilmoiteta\nAsiakkaalle erikseen. Toimeksiantoihin sovelletaan aina niit\u00e4 yleisi\u00e4 ehtoja,\njotka ovat voimassa silloin kuin toimeksiantoa koskeva tilaus tehtiin.<\/p>\n\n\n\n<p><strong>Novorbis Oy:n asiakasrekisteri<\/strong><\/p>\n\n\n\n<p>Novorbis Oy tallentaa ja k\u00e4sittelee henkil\u00f6tietoja EU:n GDPR:n sek\u00e4 nykyisen henkil\u00f6tietolain (529\/1999) 10 ja 24 \u00a7:n mukaisesti.<\/p>\n\n\n\n<p>T\u00e4m\u00e4n\ntietosuojaselosteen tarkoitus on kertoa asiakkaillemme ja sopimuskumppaneillemme\nmink\u00e4laisia tietoja ker\u00e4\u00e4mme, kuinka k\u00e4yt\u00e4mme tietoja ja miten tietoja\nluovutetaan tietyiss\u00e4 tapauksissa kolmansille osapuolille.<\/p>\n\n\n\n<p>Voimme\najoittain muuttaa t\u00e4t\u00e4 tietosuojaselostetta julkaisemalla siit\u00e4 uuden version\nverkossa. Siksi suosittelemmekin tutustumaan tietosuojaselosteeseemme\ns\u00e4\u00e4nn\u00f6llisesti.<\/p>\n\n\n\n<p>Rekisterinpit\u00e4j\u00e4: Novorbis Oy  K\u00e4skynhaltijantie 38 00640 Helsinki<\/p>\n\n\n\n<p><strong>1.Yhteyshenkil\u00f6\nrekisteri\u00e4 koskevissa asioissa: <\/strong>info@abelab.fi Tietojen k\u00e4ytt\u00f6tarkoitus ja s\u00e4ilytyksen\nkesto: Tietoja k\u00e4sitell\u00e4\u00e4n asiakkaiden toimeksiantojen hoitamiseksi. Tietoja\nk\u00e4sitell\u00e4\u00e4n my\u00f6s lakiin perustuvien ja viranomaisten m\u00e4\u00e4r\u00e4ysten ja ohjeiden\nmukaisten s\u00e4ilytys-, raportointi- ja kyselyvelvoitteiden t\u00e4ytt\u00e4miseksi. Tietoja\ns\u00e4ilytet\u00e4\u00e4n vain niin kauan kuin se on tarpeen toimeksiantojen toteuttamiseksi,\nmink\u00e4 j\u00e4lkeen tiedot siirret\u00e4\u00e4n arkistoon ja h\u00e4vitet\u00e4\u00e4n, kun niit\u00e4 ei en\u00e4\u00e4\ntarvita asianmukaiseen k\u00e4ytt\u00f6tarkoitukseensa.<\/p>\n\n\n\n<p><strong>2.Rekisterin\ntietosis\u00e4lt\u00f6<\/strong>: Rekisteriin\ntallennetaan seuraavia tietoja:<\/p>\n\n\n\n<p>-yksityishenkil\u00f6n\nnimi, osoite, henkil\u00f6tunnus, puhelinnumero ja s\u00e4hk\u00f6postiosoite<br>\n\u2013 yrityksen nimi, y-tunnus, osoite, puhelinnumero ja s\u00e4hk\u00f6postiosoite<br>\n\u2013 toimeksiannon kuvaus sek\u00e4 muut mahdolliset asiakkaan antamat lis\u00e4tiedot<br>\n\u2013 asiakassuhteen laskutus- ja perint\u00e4tietoja<br>\nEv\u00e4steisiin tallentuva tieto on nimet\u00f6nt\u00e4, ja se koskee muun muassa sivuston\nk\u00e4vij\u00e4m\u00e4\u00e4ri\u00e4, sit\u00e4, milt\u00e4 verkkosivulta k\u00e4vij\u00e4t ovat sivustolle tulleet ja\nsit\u00e4, mill\u00e4 sivustomme sivuilla he k\u00e4yv\u00e4t. Lis\u00e4tietoa Google Analytics\n-ohjelmasta on osoitteessa <a href=\"http:\/\/www.google.com\/analytics\/\">http:\/\/www.google.com\/analytics\/<\/a>. Voit muuttaa selaimesi asetuksia\nniin, ett\u00e4 selaimesi ei tallenna verkkosivustojen l\u00e4hett\u00e4mi\u00e4 ev\u00e4steit\u00e4 tai\npyyt\u00e4\u00e4 sinulta luvan ennen ev\u00e4steiden tallentamista.<\/p>\n\n\n\n<p><strong>3.S\u00e4\u00e4nn\u00f6nmukaiset\ntietol\u00e4hteet<\/strong>: Tiedot\nker\u00e4t\u00e4\u00e4n toimeksiannon yhteydess\u00e4 asiakkaalta itselt\u00e4\u00e4n ja tietoja saadaan\nvaltion viranomaisilta.<\/p>\n\n\n\n<p>-Tietojen\nluovuttaminen ja siirt\u00e4minen: Tietoja ei p\u00e4\u00e4s\u00e4\u00e4nt\u00f6isesti luovuteta kolmansille\nosapuolille. Tietoja voidaan kuitenkin luovuttaa toimivaltaisten viranomaisten\ntai muiden tahojen esitt\u00e4mien vaatimusten edellytt\u00e4m\u00e4ll\u00e4, kulloinkin\nvoimassaolevaan lains\u00e4\u00e4d\u00e4nt\u00f6\u00f6n perustuvalla tavalla. Rekisterintietoja ei\nsiirret\u00e4 EU:n tai ETA:n ulkopuolelle.<\/p>\n\n\n\n<p>\u2013 Rekisterin\nsuojaus: Rekisteri\u00e4 s\u00e4ilytet\u00e4\u00e4n p\u00e4\u00e4osin verkkotallennuspalvelussa, jota\nsuojataan SSL-tekniikalla ja jonka varmennetut palvelimet sijaitsevat Suomessa.\nTallennuspalveluun on p\u00e4\u00e4sy vain yrityksen ty\u00f6ntekij\u00f6ill\u00e4, joilla on\nk\u00e4ytt\u00e4j\u00e4tunnukset ja salasanat. Palvelu k\u00e4ytt\u00e4\u00e4 salattuja salasanoja.\nPaikallisesti s\u00e4ilytetyt tiedot ovat lukituissa, joihin vain yrityksen\nhenkil\u00f6ill\u00e4 on p\u00e4\u00e4sy. Sek\u00e4 paikallinen ett\u00e4 verkkotallennus on suojattu\nlaittomasti tapahtuvalta tietojen h\u00e4vitt\u00e4miselt\u00e4, muuttamiselta,\nluovuttamiselta, siirt\u00e4miselt\u00e4 tai muulta laittomalta k\u00e4sittelylt\u00e4.<\/p>\n\n\n\n<p>\u2013 Rekisterin\ntarkastus-, korjaus-, kielto- ja valitusoikeus: Rekister\u00f6idyll\u00e4 on\nhenkil\u00f6tietolain mukainen oikeus tarkastaa, mit\u00e4 tietoja h\u00e4nest\u00e4 on tallennettu\nrekisteriin. Rekister\u00f6idyn pyynn\u00f6st\u00e4 henkil\u00f6tietoihin tehd\u00e4\u00e4n tarpeelliset\noikaisut ja t\u00e4ydennykset tai niist\u00e4 poistetaan k\u00e4sittelyn tarkoituksen kannalta\nvirheelliset, tarpeettomat, puutteelliset tai vanhentuneet tiedot. Tietojen\ntarkastus ja p\u00e4ivitys tapahtuvat ottamalla yhteys asiakaspalveluumme. Pyynn\u00f6n\ntulee olla kirjallinen ja allekirjoitettu. Rekister\u00f6idyll\u00e4 on oikeus\nhenkil\u00f6kohtaiseen erityiseen tilanteeseensa liittyv\u00e4ll\u00e4 perusteella vastustaa\nhenkil\u00f6tietojen k\u00e4sittely\u00e4, jos k\u00e4sittely perustuu yleist\u00e4 etua koskevan teht\u00e4v\u00e4n\nsuorittamiseksi tai rekisterinpit\u00e4j\u00e4n tai kolmannen osapuolen etujen\ntoteuttamiseksi. Rekisterinpit\u00e4j\u00e4 saa vastustamisesta huolimatta k\u00e4sitell\u00e4\nhenkil\u00f6tietoja, jos k\u00e4sittelyyn on huomattavan t\u00e4rke\u00e4 ja perusteltu syy tai jos\nse on tarpeen oikeusvaateen laatimiseksi, esitt\u00e4miseksi tai puolustamiseksi.\nRekister\u00f6idyll\u00e4 on oikeus tehd\u00e4 my\u00f6s valitus valvontaviranomaiselle, jos\nrekisterinpit\u00e4j\u00e4 ei ole noudattanut toiminnassaan tietosuojas\u00e4\u00e4ntely\u00e4.<\/p>\n\n\n\n<div class=\"is-layout-flex wp-container-4 wp-block-columns\">\n<div class=\"is-layout-flow wp-block-column\" style=\"flex-basis:50%\">\n<p class=\"has-normal-font-size\">www.abelab.fi<\/p>\n\n\n\n<p class=\"has-normal-font-size\">Novorbis OY<\/p>\n\n\n\n<p class=\"has-normal-font-size\">info@abelab.fi<\/p>\n<\/div>\n\n\n\n<div class=\"is-layout-flow wp-block-column\" style=\"flex-basis:50%\">\n<p class=\"has-normal-font-size\">0400 295 080<\/p>\n\n\n\n<p class=\"has-normal-font-size\">K\u00e4skynhaltijantie 38<br>00640 Helsinki<\/p>\n<\/div>\n<\/div>\n","protected":false},"excerpt":{"rendered":"<p>OTA YHTEYTT\u00c4 Novorbis Oywww.abelab.fi 0400 295 080K\u00c4SKYNHALTIJANTIE 38HELSINKI YLEISET SOPIMUSEHDOT Voimassa alkaen 22.1.2024 1. SOVELTAMISALA 1.1 N\u00e4it\u00e4 sopimusehtoja sovelletaan asiakassopimusta t\u00e4ydent\u00e4vin\u00e4 ehtoina Novorbis Oy:n (\u201dLaboratorio\u201d) tarjotessa palveluita asiakkailleen. 2. TOIMEKSIANTO 2.1 Toimeksianto on voimassa ainoastaan silloin, kun sit\u00e4 koskeva tilaus on l\u00e4hetetty Laboratorioon kirjallisesti tai s\u00e4hk\u00f6postilla k\u00e4ytt\u00e4en Laboratorion analyysitilauslomaketta tai asiakkaan omaa, Laboratorion hyv\u00e4ksym\u00e4\u00e4 l\u00e4hetepohjaa. &hellip; <a href=\"https:\/\/abelab.fi\/etusivu\/yleiset-sopimusehdot\/\" class=\"more-link\">Jatka artikkeliin <span class=\"screen-reader-text\">YHTEYSTIEDOT<\/span><\/a><\/p>\n","protected":false},"author":3,"featured_media":0,"parent":0,"menu_order":0,"comment_status":"closed","ping_status":"closed","template":"","meta":{"content-type":""},"_links":{"self":[{"href":"https:\/\/abelab.fi\/etusivu\/wp-json\/wp\/v2\/pages\/32"}],"collection":[{"href":"https:\/\/abelab.fi\/etusivu\/wp-json\/wp\/v2\/pages"}],"about":[{"href":"https:\/\/abelab.fi\/etusivu\/wp-json\/wp\/v2\/types\/page"}],"author":[{"embeddable":true,"href":"https:\/\/abelab.fi\/etusivu\/wp-json\/wp\/v2\/users\/3"}],"replies":[{"embeddable":true,"href":"https:\/\/abelab.fi\/etusivu\/wp-json\/wp\/v2\/comments?post=32"}],"version-history":[{"count":37,"href":"https:\/\/abelab.fi\/etusivu\/wp-json\/wp\/v2\/pages\/32\/revisions"}],"predecessor-version":[{"id":489,"href":"https:\/\/abelab.fi\/etusivu\/wp-json\/wp\/v2\/pages\/32\/revisions\/489"}],"wp:attachment":[{"href":"https:\/\/abelab.fi\/etusivu\/wp-json\/wp\/v2\/media?parent=32"}],"curies":[{"name":"wp","href":"https:\/\/api.w.org\/{rel}","templated":true}]}}