{"id":231,"date":"2020-07-30T10:19:35","date_gmt":"2020-07-30T07:19:35","guid":{"rendered":"http:\/\/abelab.fi\/etusivu\/?page_id=231"},"modified":"2025-12-04T10:51:06","modified_gmt":"2025-12-04T08:51:06","slug":"lakisaateiset-kvartsipoly-mittaukset-ja-analyysit","status":"publish","type":"page","link":"https:\/\/abelab.fi\/etusivu\/","title":{"rendered":"Lakis\u00e4\u00e4teiset kvartsip\u00f6ly- ja asbestimittaukset ja analyysit"},"content":{"rendered":"\n<div class=\"is-layout-flow wp-block-group\"><div class=\"wp-block-group__inner-container\"><\/div><\/div>\n\n\n\n<div style=\"height:49px\" aria-hidden=\"true\" class=\"wp-block-spacer\"><\/div>\n\n\n\n<hr class=\"wp-block-separator has-text-color has-black-color has-css-opacity has-black-background-color has-background\"\/>\n\n\n\n<div style=\"height:49px\" aria-hidden=\"true\" class=\"wp-block-spacer\"><\/div>\n\n\n\n<div class=\"wp-block-media-text is-vertically-aligned-center is-stacked-on-mobile has-background\" style=\"background-color:#e4c475;grid-template-columns:49% auto\"><figure class=\"wp-block-media-text__media\"><img decoding=\"async\" loading=\"lazy\" width=\"1024\" height=\"779\" src=\"https:\/\/abelab.fi\/etusivu\/wp-content\/uploads\/2020\/07\/Ilman\u00e4ytteenotto-abelab-1024x779.jpg\" alt=\"\" class=\"wp-image-310\" srcset=\"https:\/\/abelab.fi\/etusivu\/wp-content\/uploads\/2020\/07\/Ilman\u00e4ytteenotto-abelab-1024x779.jpg 1024w, https:\/\/abelab.fi\/etusivu\/wp-content\/uploads\/2020\/07\/Ilman\u00e4ytteenotto-abelab-300x228.jpg 300w, https:\/\/abelab.fi\/etusivu\/wp-content\/uploads\/2020\/07\/Ilman\u00e4ytteenotto-abelab-768x585.jpg 768w, https:\/\/abelab.fi\/etusivu\/wp-content\/uploads\/2020\/07\/Ilman\u00e4ytteenotto-abelab-1536x1169.jpg 1536w, https:\/\/abelab.fi\/etusivu\/wp-content\/uploads\/2020\/07\/Ilman\u00e4ytteenotto-abelab-685x521.jpg 685w, https:\/\/abelab.fi\/etusivu\/wp-content\/uploads\/2020\/07\/Ilman\u00e4ytteenotto-abelab.jpg 1624w\" sizes=\"(max-width: 1024px) 100vw, 1024px\" \/><\/figure><div class=\"wp-block-media-text__content\">\n\n<h4>Kvartsip\u00f6lyanalyysit ilman\u00e4ytteest\u00e4<\/h4>\n\n\n<p>Tunnistamme  ja mittaamme kiteisen piidioksidin ilman\u00e4ytteist\u00e4 tarkasti ja luotettavasti.<\/p>\n\n<\/div><\/div>\n\n\n\n<div style=\"height:49px\" aria-hidden=\"true\" class=\"wp-block-spacer\"><\/div>\n\n\n\n<hr class=\"wp-block-separator has-text-color has-black-color has-css-opacity has-black-background-color has-background\"\/>\n\n\n\n<div style=\"height:52px\" aria-hidden=\"true\" class=\"wp-block-spacer\"><\/div>\n\n\n\n<div class=\"is-layout-flow wp-block-group\"><div class=\"wp-block-group__inner-container\"><\/div><\/div>\n\n\n\n<div style=\"height:49px\" aria-hidden=\"true\" class=\"wp-block-spacer\"><\/div>\n\n\n\n<div class=\"is-layout-flow wp-block-group\"><div class=\"wp-block-group__inner-container\">\n<div class=\"is-layout-flow wp-block-group\"><div class=\"wp-block-group__inner-container\">\n<div class=\"wp-block-media-text is-vertically-aligned-center is-stacked-on-mobile has-background\" style=\"background-color:#e4c475;grid-template-columns:49% auto\"><figure class=\"wp-block-media-text__media\"><img decoding=\"async\" loading=\"lazy\" width=\"630\" height=\"466\" src=\"https:\/\/abelab.fi\/etusivu\/wp-content\/uploads\/2020\/02\/Antofylliitti-1.png\" alt=\"\" class=\"wp-image-154 size-full\" srcset=\"https:\/\/abelab.fi\/etusivu\/wp-content\/uploads\/2020\/02\/Antofylliitti-1.png 630w, https:\/\/abelab.fi\/etusivu\/wp-content\/uploads\/2020\/02\/Antofylliitti-1-300x222.png 300w\" sizes=\"(max-width: 630px) 100vw, 630px\" \/><\/figure><div class=\"wp-block-media-text__content\">\n<h4>Asbestimateriaalin\u00e4yte<\/h4>\n\n\n\n<p>Asbestin esiintyminen ja laatu tutkitaan erilaisista rakennusmateriaaleista. <\/p>\n\n\n\n<p>*<\/p>\n<\/div><\/div>\n\n\n\n<div style=\"height:49px\" aria-hidden=\"true\" class=\"wp-block-spacer\"><\/div>\n\n\n\n<div class=\"wp-block-media-text has-media-on-the-right is-vertically-aligned-center is-stacked-on-mobile has-background\" style=\"background-color:#e4c475;grid-template-columns:auto 49%\"><div class=\"wp-block-media-text__content\">\n<h4>Asbestikuitupitoisuuden toteaminen Ilman\u00e4ytteest\u00e4<\/h4>\n\n\n\n<p>Kuitupitoisuus tutkitaan ilman\u00e4ytteest\u00e4 elektronimikroskoopilla.<\/p>\n\n\n\n<p>*<\/p>\n\n\n\n<p><\/p>\n\n\n\n<p><\/p>\n<\/div><figure class=\"wp-block-media-text__media\"><img decoding=\"async\" loading=\"lazy\" width=\"630\" height=\"466\" src=\"https:\/\/abelab.fi\/etusivu\/wp-content\/uploads\/2020\/02\/Krysotiili2-1.png\" alt=\"\" class=\"wp-image-155 size-full\" srcset=\"https:\/\/abelab.fi\/etusivu\/wp-content\/uploads\/2020\/02\/Krysotiili2-1.png 630w, https:\/\/abelab.fi\/etusivu\/wp-content\/uploads\/2020\/02\/Krysotiili2-1-300x222.png 300w\" sizes=\"(max-width: 630px) 100vw, 630px\" \/><\/figure><\/div>\n<\/div><\/div>\n\n\n\n<div style=\"height:20px\" aria-hidden=\"true\" class=\"wp-block-spacer\"><\/div>\n\n\n\n<h4 class=\"has-text-align-center\">Toimitamme tulosraportin viimeist\u00e4\u00e4n seuraavana arkip\u00e4iv\u00e4n\u00e4.<\/h4>\n\n\n\n<p class=\"has-text-align-center\">Tulokset toimitetaan s\u00e4hk\u00f6postilla PDF-muodossa ilman suojausta.<\/p>\n<\/div><\/div>\n\n\n\n<div style=\"height:96px\" aria-hidden=\"true\" class=\"wp-block-spacer\"><\/div>\n\n\n\n<div class=\"is-layout-flow wp-block-group alignwide has-background-light-background-color has-background\"><div class=\"wp-block-group__inner-container\">\n<div class=\"is-layout-flex wp-container-7 wp-block-columns\">\n<div class=\"is-layout-flow wp-block-column\" style=\"flex-basis:50%\">\n<p class=\"has-normal-font-size\">www.abelab.fi<\/p>\n\n\n\n<p class=\"has-normal-font-size\">Novorbis OY<\/p>\n\n\n\n<p class=\"has-normal-font-size\">info@abelab.fi<\/p>\n<\/div>\n\n\n\n<div class=\"is-layout-flow wp-block-column\" style=\"flex-basis:50%\">\n<p class=\"has-normal-font-size\">0400 295 080<\/p>\n\n\n\n<p class=\"has-normal-font-size\">K\u00e4skynhaltijantie 38<br>00640 Helsinki<\/p>\n<\/div>\n<\/div>\n<\/div><\/div>\n\n\n\n<p><\/p>\n","protected":false},"excerpt":{"rendered":"<p>Kvartsip\u00f6lyanalyysit ilman\u00e4ytteest\u00e4 Tunnistamme ja mittaamme kiteisen piidioksidin ilman\u00e4ytteist\u00e4 tarkasti ja luotettavasti. Asbestimateriaalin\u00e4yte Asbestin esiintyminen ja laatu tutkitaan erilaisista rakennusmateriaaleista. * Asbestikuitupitoisuuden toteaminen Ilman\u00e4ytteest\u00e4 Kuitupitoisuus tutkitaan ilman\u00e4ytteest\u00e4 elektronimikroskoopilla. * Toimitamme tulosraportin viimeist\u00e4\u00e4n seuraavana arkip\u00e4iv\u00e4n\u00e4. Tulokset toimitetaan s\u00e4hk\u00f6postilla PDF-muodossa ilman suojausta.<\/p>\n","protected":false},"author":3,"featured_media":0,"parent":0,"menu_order":0,"comment_status":"closed","ping_status":"closed","template":"","meta":{"content-type":""},"_links":{"self":[{"href":"https:\/\/abelab.fi\/etusivu\/wp-json\/wp\/v2\/pages\/231"}],"collection":[{"href":"https:\/\/abelab.fi\/etusivu\/wp-json\/wp\/v2\/pages"}],"about":[{"href":"https:\/\/abelab.fi\/etusivu\/wp-json\/wp\/v2\/types\/page"}],"author":[{"embeddable":true,"href":"https:\/\/abelab.fi\/etusivu\/wp-json\/wp\/v2\/users\/3"}],"replies":[{"embeddable":true,"href":"https:\/\/abelab.fi\/etusivu\/wp-json\/wp\/v2\/comments?post=231"}],"version-history":[{"count":56,"href":"https:\/\/abelab.fi\/etusivu\/wp-json\/wp\/v2\/pages\/231\/revisions"}],"predecessor-version":[{"id":490,"href":"https:\/\/abelab.fi\/etusivu\/wp-json\/wp\/v2\/pages\/231\/revisions\/490"}],"wp:attachment":[{"href":"https:\/\/abelab.fi\/etusivu\/wp-json\/wp\/v2\/media?parent=231"}],"curies":[{"name":"wp","href":"https:\/\/api.w.org\/{rel}","templated":true}]}}